{"id":758,"date":"2026-02-19T13:17:24","date_gmt":"2026-02-19T12:17:24","guid":{"rendered":"https:\/\/alternative-fontenay.fr\/?page_id=758"},"modified":"2026-03-27T17:41:37","modified_gmt":"2026-03-27T16:41:37","slug":"lengagement-de-severine-artus","status":"publish","type":"page","link":"https:\/\/alternative-fontenay.fr\/?page_id=758","title":{"rendered":"S\u00e9verine Artus : son engagement"},"content":{"rendered":"\n<div class=\"wp-block-columns is-layout-flex wp-container-core-columns-is-layout-28f84493 wp-block-columns-is-layout-flex\">\n<div class=\"wp-block-column is-layout-flow wp-block-column-is-layout-flow\" style=\"flex-basis:33.33%\">\n<figure class=\"wp-block-image aligncenter size-large is-resized\"><img loading=\"lazy\" decoding=\"async\" width=\"1024\" height=\"1024\" src=\"https:\/\/alternative-fontenay.fr\/wp-content\/uploads\/2026\/02\/Vignettes-01-1024x1024.png\" alt=\"\" class=\"wp-image-637\" style=\"width:342px;height:auto\" srcset=\"https:\/\/alternative-fontenay.fr\/wp-content\/uploads\/2026\/02\/Vignettes-01-1024x1024.png 1024w, https:\/\/alternative-fontenay.fr\/wp-content\/uploads\/2026\/02\/Vignettes-01-300x300.png 300w, https:\/\/alternative-fontenay.fr\/wp-content\/uploads\/2026\/02\/Vignettes-01-150x150.png 150w, https:\/\/alternative-fontenay.fr\/wp-content\/uploads\/2026\/02\/Vignettes-01-768x768.png 768w, https:\/\/alternative-fontenay.fr\/wp-content\/uploads\/2026\/02\/Vignettes-01-1536x1536.png 1536w, https:\/\/alternative-fontenay.fr\/wp-content\/uploads\/2026\/02\/Vignettes-01-2048x2048.png 2048w\" sizes=\"auto, (max-width: 1024px) 100vw, 1024px\" \/><\/figure>\n<\/div>\n\n\n\n<div class=\"wp-block-column is-vertically-aligned-center is-layout-flow wp-block-column-is-layout-flow\" style=\"flex-basis:66.66%\">\n<h4 class=\"wp-block-heading\">ENGAG\u00c9E POUR NOTRE COMMUNE ET \u00c9LUE D\u02bcOPPOSITION DEPUIS 2020, JE MESURE LES RESPONSABILIT\u00c9S DE LA FONCTION DE MAIRE. L\u02bcEXP\u00c9RIENCE DU MANDAT QUI S\u02bcACH\u00c8VE A RENFORC\u00c9 MA MOTIVATION ET MON ENVIE D\u02bcAGIR POUR NOTRE VILLAGE, AVEC VOUS.<\/h4>\n<\/div>\n<\/div>\n\n\n\n<div style=\"height:50px\" aria-hidden=\"true\" class=\"wp-block-spacer\"><\/div>\n\n\n\n<p class=\"has-foreground-color has-text-color has-link-color wp-elements-2adfc6f9dafc1359f43e5bd21378d6c3\">Engag\u00e9e au sein du collectif depuis 2020, <strong>je renouvelle aujourd\u2019hui cet engagement en conduisant la liste Alternative Fontenay pour les \u00e9lections de 2026<\/strong>. Je partage pleinement les valeurs, d\u2019honn\u00eatet\u00e9, de transparence et de dialogue, que v\u00e9hicule le collectif. Avec cette \u00e9quipe, je m\u2019engage \u00e0 <strong>inscrire l\u2019\u00e9coute des habitants au centre de l\u2019action publique, au service d\u2019une politique efficace et d\u2019actions concr\u00e8tes<\/strong>. Je me retrouve dans cette liste car elle est compos\u00e9e de personnes de tous horizons, unies par les m\u00eames convictions. <br>J\u2019ai de la consid\u00e9ration pour chaque membre du groupe, pour leur engagement, leur respect mutuel et leurs nombreuses qualit\u00e9s.<br>En endossant la responsabilit\u00e9 de Maire, j\u2019entends donner \u00e0 notre village, et \u00e0 ses habitants, <strong>une gouvernance attentive, solidaire et tourn\u00e9e vers l\u2019avenir, fond\u00e9e sur l\u2019\u00e9coute, la proximit\u00e9 et l\u2019int\u00e9r\u00eat g\u00e9n\u00e9ral<\/strong>.<br><br>Le programme Alternative Fontenay s\u02bcest construit \u00e0 partir&nbsp;de vos besoins r\u00e9els, de vos remarques et de vos id\u00e9es, recueillis lors de nos \u00e9changes des derniers mois et dans. vos r\u00e9ponses au sondage que nous sommes seuls \u00e0 vous avoir propos\u00e9 en 2025. C\u02bcest <strong>un projet concret, durable et r\u00e9alisable pour Fontenay-l\u00e8s-Briis<\/strong> que nous formaliserons dans un plan d\u02bcactions pluriannuel 2026-2032.<\/p>\n\n\n\n<p>Pour faire mieux, nous accordons une importance particuli\u00e8re \u00e0 <strong>la m\u00e9thode de travail.<\/strong> Chaque projet s\u02bcappuiera sur <strong>la mobilisation de comp\u00e9tences techniques, une analyse approfondie, le respect du cadre juridique et une concertation r\u00e9ellement ouverte<\/strong>, vous permettant d\u02bc\u00eatre pleinement associ\u00e9s aux \u00e9changes, aux conceptions et aux d\u00e9cisions. Notre m\u00e9thode de travail int\u00e8gre aussi une recherche active de subventions afin d\u02bcinvestir sans fragiliser les finances communales, et un suivi rigoureux des projets, garantissant la qualit\u00e9 des r\u00e9alisations, la ma\u00eetrise des co\u00fbts et la transparence de l\u02bcaction municipale.<\/p>\n\n\n\n<p>Alternative Fontenay entend \u00e9galement respecter <strong>l\u02bcesprit de la Charte du Parc Naturel R\u00e9gional (PNR) de la Haute Vall\u00e9e de Chevreuse<\/strong>, dont la commune est membre. C\u02bcest un gage d\u02bcharmonie et de qualit\u00e9 des actions men\u00e9es, mais aussi de pr\u00e9servation du cadre de vie et du caract\u00e8re villageois de notre commune. Nous nous engageons aussi \u00e0 <strong>mobiliser pleinement la Communaut\u00e9 de Communes du Pays de Limours (CCPL)<\/strong>, pour qu\u02bcelle assure avec efficacit\u00e9 les actions relevant de ses comp\u00e9tences. Enfin, parce que nous partageons certains hameaux avec plusieurs communes voisines, nous veillerons \u00e0 <strong>entretenir avec elles des relations cordiales et intelligentes<\/strong> pour le bien-vivre des habitants directement concern\u00e9s.<\/p>\n\n\n\n<p><strong>S\u00e9verine Artus<\/strong><\/p>\n\n\n\n<div class=\"wp-block-columns is-layout-flex wp-container-core-columns-is-layout-28f84493 wp-block-columns-is-layout-flex\">\n<div class=\"wp-block-column is-layout-flow wp-block-column-is-layout-flow\">\n<div style=\"height:21px\" aria-hidden=\"true\" class=\"wp-block-spacer\"><\/div>\n<\/div>\n<\/div>\n\n\n\n<div class=\"wp-block-columns is-layout-flex wp-container-core-columns-is-layout-28f84493 wp-block-columns-is-layout-flex\">\n<div class=\"wp-block-column has-primary-background-color has-background is-layout-flow wp-block-column-is-layout-flow\">\n<h5 class=\"wp-block-heading\" style=\"margin-top:var(--wp--preset--spacing--50);margin-right:var(--wp--preset--spacing--50);margin-bottom:var(--wp--preset--spacing--50);margin-left:var(--wp--preset--spacing--50)\">En quelques LIGNES, qui es-tu ?<\/h5>\n\n\n\n<p style=\"margin-top:var(--wp--preset--spacing--50);margin-right:var(--wp--preset--spacing--50);margin-bottom:var(--wp--preset--spacing--50);margin-left:var(--wp--preset--spacing--50)\">S\u00e9verine Artus, j\u2019ai 49 ans et suis maman d\u2019une jeune femme de 22 ans. Apr\u00e8s 20 ans comme monitrice d\u2019\u00e9quitation, je suis depuis une dizaine d&rsquo;ann\u00e9es entrepreneuse dans le secteur du paysage. Tr\u00e8s attach\u00e9e au village de Fontenay-l\u00e8s-Briis, j\u2019y suis \u00e9lue depuis 2020 et b\u00e9n\u00e9vole active de l\u2019association C\u0153ur de Fontenay.<\/p>\n<\/div>\n<\/div>\n\n\n\n<div class=\"wp-block-columns is-layout-flex wp-container-core-columns-is-layout-28f84493 wp-block-columns-is-layout-flex\">\n<div class=\"wp-block-column has-background is-layout-flow wp-block-column-is-layout-flow\" style=\"background-color:#25a619\">\n<h5 class=\"wp-block-heading\" style=\"margin-top:var(--wp--preset--spacing--50);margin-right:var(--wp--preset--spacing--50);margin-bottom:var(--wp--preset--spacing--50);margin-left:var(--wp--preset--spacing--50)\">QUE PEUX-tu apporter au village ?<\/h5>\n\n\n\n<p style=\"margin-top:var(--wp--preset--spacing--50);margin-right:var(--wp--preset--spacing--50);margin-bottom:var(--wp--preset--spacing--50);margin-left:var(--wp--preset--spacing--50)\">Le mandat qui s\u2019ach\u00e8ve a d\u00e9cupl\u00e9 ma motivation et mon \u00e9nergie. Il m\u2019a convaincue qu\u2019il est d\u00e9sormais indispensable de renouveler non seulement la politique communale, mais aussi la mani\u00e8re de la mettre en \u0153uvre. Mon engagement est sinc\u00e8re et ne r\u00e9pond \u00e0 aucune ambition politique personnelle. \u00catre \u00e9lue m\u2019a permis de comprendre concr\u00e8tement comment fonctionne une collectivit\u00e9 publique et de me faire une id\u00e9e pr\u00e9cise de la meilleure fa\u00e7on de la g\u00e9rer et de la conduire. Pour mieux remplir ce r\u00f4le, je me suis form\u00e9e ces six derni\u00e8res ann\u00e9es, notamment au sein d\u2019une association d\u2019\u00e9lus. Mes exp\u00e9riences professionnelles m\u2019ont permis de bien conna\u00eetre le milieu agricole, associatif et le monde de l\u2019entreprise. Mon m\u00e9tier d\u2019enseignante \u00e9questre m\u2019a aussi appris \u00e0 encadrer des publics vari\u00e9s, un atout pour aller \u00e0 la rencontre des habitants de mani\u00e8re simple et conviviale. Gr\u00e2ce \u00e0 mon parcours et \u00e0 mes comp\u00e9tences, je souhaite apporter au village une gestion transparente, une \u00e9coute active et des projets concrets pour am\u00e9liorer notre quotidien, ainsi que notre cadre de vie.<\/p>\n<\/div>\n<\/div>\n","protected":false},"excerpt":{"rendered":"<p>ENGAG\u00c9E POUR NOTRE COMMUNE ET \u00c9LUE D\u02bcOPPOSITION DEPUIS 2020, JE MESURE LES RESPONSABILIT\u00c9S DE LA FONCTION DE MAIRE. L\u02bcEXP\u00c9RIENCE DU MANDAT QUI S\u02bcACH\u00c8VE A RENFORC\u00c9 MA MOTIVATION ET MON ENVIE D\u02bcAGIR POUR NOTRE VILLAGE, AVEC VOUS. Engag\u00e9e au sein du collectif depuis 2020, je renouvelle aujourd\u2019hui cet engagement en conduisant la liste Alternative Fontenay pour [&hellip;]<\/p>\n","protected":false},"author":2,"featured_media":0,"parent":0,"menu_order":0,"comment_status":"closed","ping_status":"closed","template":"","meta":{"footnotes":""},"class_list":["post-758","page","type-page","status-publish","hentry"],"_links":{"self":[{"href":"https:\/\/alternative-fontenay.fr\/index.php?rest_route=\/wp\/v2\/pages\/758","targetHints":{"allow":["GET"]}}],"collection":[{"href":"https:\/\/alternative-fontenay.fr\/index.php?rest_route=\/wp\/v2\/pages"}],"about":[{"href":"https:\/\/alternative-fontenay.fr\/index.php?rest_route=\/wp\/v2\/types\/page"}],"author":[{"embeddable":true,"href":"https:\/\/alternative-fontenay.fr\/index.php?rest_route=\/wp\/v2\/users\/2"}],"replies":[{"embeddable":true,"href":"https:\/\/alternative-fontenay.fr\/index.php?rest_route=%2Fwp%2Fv2%2Fcomments&post=758"}],"version-history":[{"count":9,"href":"https:\/\/alternative-fontenay.fr\/index.php?rest_route=\/wp\/v2\/pages\/758\/revisions"}],"predecessor-version":[{"id":915,"href":"https:\/\/alternative-fontenay.fr\/index.php?rest_route=\/wp\/v2\/pages\/758\/revisions\/915"}],"wp:attachment":[{"href":"https:\/\/alternative-fontenay.fr\/index.php?rest_route=%2Fwp%2Fv2%2Fmedia&parent=758"}],"curies":[{"name":"wp","href":"https:\/\/api.w.org\/{rel}","templated":true}]}}