{"id":725,"date":"2026-02-19T12:00:43","date_gmt":"2026-02-19T11:00:43","guid":{"rendered":"https:\/\/alternative-fontenay.fr\/?page_id=725"},"modified":"2026-02-19T12:08:19","modified_gmt":"2026-02-19T11:08:19","slug":"faire-vivre-au-quotidien-la-democratie-locale","status":"publish","type":"page","link":"https:\/\/alternative-fontenay.fr\/?page_id=725","title":{"rendered":"Faire vivre au quotidien la d\u00e9mocratie locale"},"content":{"rendered":"\n<h4 class=\"wp-block-heading\">PARTICIPATION CITOYENNE<\/h4>\n\n\n\n<p>\u00c9tablir un plan pluriannuel des projets sur l\u02bcensemble du mandat<\/p>\n\n\n\n<p>Proposer une conf\u00e9rence budg\u00e9taire annuelle pour informer de l\u02bcusage de l\u02bcargent public et d\u00e9battre des choix d\u02bcinvestissement<\/p>\n\n\n\n<p>Concerter sur les d\u00e9cisions et projets importants par tout moyen ad\u00e9quat (comit\u00e9 de quartier, commission extra-municipale, r\u00e9union publique, sondage, r\u00e9f\u00e9rendum, atelier de conception, visite de terrain)<\/p>\n\n\n\n<p>Soutenir les actions participatives<\/p>\n\n\n\n<p>Faire de la cour \u00e9l\u00e9mentaire une oasis v\u00e9g\u00e9talis\u00e9e, perm\u00e9able et ludique<\/p>\n\n\n\n<h4 class=\"wp-block-heading\">CONSEILS CITOYENS<\/h4>\n\n\n\n<p>Informer des projets et&nbsp;r\u00e9flexions men\u00e9s par le Conseil des Sages<\/p>\n\n\n\n<p>Recr\u00e9er un Conseil Municipal des Enfants (primaire)<\/p>\n\n\n\n<p>Soutenir et accompagner le Conseil Municipal des Jeunes (coll\u00e8ge et lyc\u00e9e)<\/p>\n\n\n\n<h4 class=\"wp-block-heading\">FONCTIONNEMENT DU CONSEIL MUNICIPAL<\/h4>\n\n\n\n<p>\u00c9laborer les projets dans le respect et l\u02bc\u00e9coute de tous les \u00e9lus<\/p>\n\n\n\n<p>Limiter les d\u00e9l\u00e9gations au Maire pour donner toute sa place au conseil municipal<\/p>\n\n\n\n<p>Diffuser en direct et&nbsp;enregistrer les s\u00e9ances<\/p>\n\n\n\n<h4 class=\"wp-block-heading\">INFORMATION ET ACCUEIL EN MAIRIE<\/h4>\n\n\n\n<p>D\u00e9ployer un plan d\u02bcinformation et de communication (refonte du site web, cr\u00e9ation de r\u00e9seaux sociaux, maintien des Br\u00e8ves, diffusion d\u02bcun journal municipal semestriel&#8230;)<\/p>\n\n\n\n<p>Mettre en ligne le suivi de l\u02bcavanc\u00e9e des projets communaux<\/p>\n\n\n\n<p>Ajuster les horaires d\u02bcaccueil du public pour faciliter vos d\u00e9marches<\/p>\n\n\n\n<p>Instaurer un temps d\u02bcaccueil citoyen r\u00e9gulier par les \u00e9lus<\/p>\n\n\n\n<p>Installer les panneaux l\u00e9gaux d\u02bcaffichage libre<\/p>\n\n\n\n<div style=\"height:100px\" aria-hidden=\"true\" class=\"wp-block-spacer\"><\/div>\n\n\n\n<h5 class=\"wp-block-heading\"><a href=\"https:\/\/alternative-fontenay.fr\/?page_id=588\" data-type=\"page\" data-id=\"588\">> PAGE PR\u00c9C\u00c9DENTE<\/a><\/h5>\n","protected":false},"excerpt":{"rendered":"<p>PARTICIPATION CITOYENNE \u00c9tablir un plan pluriannuel des projets sur l\u02bcensemble du mandat Proposer une conf\u00e9rence budg\u00e9taire annuelle pour informer de l\u02bcusage de l\u02bcargent public et d\u00e9battre des choix d\u02bcinvestissement Concerter sur les d\u00e9cisions et projets importants par tout moyen ad\u00e9quat (comit\u00e9 de quartier, commission extra-municipale, r\u00e9union publique, sondage, r\u00e9f\u00e9rendum, atelier de conception, visite de terrain) [&hellip;]<\/p>\n","protected":false},"author":2,"featured_media":0,"parent":0,"menu_order":0,"comment_status":"closed","ping_status":"closed","template":"","meta":{"footnotes":""},"class_list":["post-725","page","type-page","status-publish","hentry"],"_links":{"self":[{"href":"https:\/\/alternative-fontenay.fr\/index.php?rest_route=\/wp\/v2\/pages\/725","targetHints":{"allow":["GET"]}}],"collection":[{"href":"https:\/\/alternative-fontenay.fr\/index.php?rest_route=\/wp\/v2\/pages"}],"about":[{"href":"https:\/\/alternative-fontenay.fr\/index.php?rest_route=\/wp\/v2\/types\/page"}],"author":[{"embeddable":true,"href":"https:\/\/alternative-fontenay.fr\/index.php?rest_route=\/wp\/v2\/users\/2"}],"replies":[{"embeddable":true,"href":"https:\/\/alternative-fontenay.fr\/index.php?rest_route=%2Fwp%2Fv2%2Fcomments&post=725"}],"version-history":[{"count":2,"href":"https:\/\/alternative-fontenay.fr\/index.php?rest_route=\/wp\/v2\/pages\/725\/revisions"}],"predecessor-version":[{"id":728,"href":"https:\/\/alternative-fontenay.fr\/index.php?rest_route=\/wp\/v2\/pages\/725\/revisions\/728"}],"wp:attachment":[{"href":"https:\/\/alternative-fontenay.fr\/index.php?rest_route=%2Fwp%2Fv2%2Fmedia&parent=725"}],"curies":[{"name":"wp","href":"https:\/\/api.w.org\/{rel}","templated":true}]}}