{"id":722,"date":"2026-02-19T11:54:37","date_gmt":"2026-02-19T10:54:37","guid":{"rendered":"https:\/\/alternative-fontenay.fr\/?page_id=722"},"modified":"2026-02-19T12:09:40","modified_gmt":"2026-02-19T11:09:40","slug":"porter-une-ambition-pour-lecole","status":"publish","type":"page","link":"https:\/\/alternative-fontenay.fr\/?page_id=722","title":{"rendered":"Porter une ambition pour l&rsquo;\u00e9cole"},"content":{"rendered":"\n<h4 class=\"wp-block-heading\">R\u00c9HABILITATION ET MODERNISATION DES INSTALLATIONS<\/h4>\n\n\n\n<p>Poursuivre les mises aux normes, la r\u00e9novation thermique et acoustique, le renouvellement ainsi que l\u02bc\u00e9quipement en mat\u00e9riels et dispositifs \u00e9co-responsables<\/p>\n\n\n\n<p>Faire de la cour \u00e9l\u00e9mentaire une oasis v\u00e9g\u00e9talis\u00e9e, perm\u00e9able et ludique<\/p>\n\n\n\n<h4 class=\"wp-block-heading\">RESTAURATION SCOLAIRE<\/h4>\n\n\n\n<p>Construire un nouveau restaurant scolaire durable avec une cuisine aux normes, adapt\u00e9e \u00e0 la confection de repas sur place<\/p>\n\n\n\n<p>Privil\u00e9gier une alimentation en circuit court (locale et\/ou biologique) \u00e0 tarif ma\u00eetris\u00e9 par des partenariats adapt\u00e9s<\/p>\n\n\n\n<p>Assouplir les conditions de r\u00e9servation des repas<\/p>\n\n\n\n<h4 class=\"wp-block-heading\">DOTATION HORAIRE ET NOMBRE DE CLASSES<\/h4>\n\n\n\n<p>Suivre et anticiper l\u02bc\u00e9volution du nombre d\u02bc\u00e9l\u00e8ves<\/p>\n\n\n\n<p>Exiger une dotation horaire compl\u00e8te pour les AESH (Accompagnant des \u00c9l\u00e8ves en Situation de Handicap)<\/p>\n\n\n\n<h4 class=\"wp-block-heading\">PROJETS \u00c9DUCATIFS ET ENCADREMENT<\/h4>\n\n\n\n<p>Accompagner et soutenir les propositions de l\u02bc\u00e9quipe enseignante<\/p>\n\n\n\n<p>Proposer des activit\u00e9s p\u00e9riscolaires inclusives<\/p>\n\n\n\n<p>Veiller \u00e0 la coh\u00e9sion entre les \u00e9quipes scolaires et p\u00e9riscolaires, les parents et les \u00e9lus<\/p>\n\n\n\n<p>Garantir un ATSEM&nbsp;(Agent Territorial Sp\u00e9cialis\u00e9 des \u00c9coles Maternelles)&nbsp;par classe<\/p>\n\n\n\n<div style=\"height:100px\" aria-hidden=\"true\" class=\"wp-block-spacer\"><\/div>\n\n\n\n<h5 class=\"wp-block-heading\"><a href=\"https:\/\/alternative-fontenay.fr\/?page_id=588\" data-type=\"page\" data-id=\"588\">> PAGE PR\u00c9C\u00c9DENTE<\/a><\/h5>\n","protected":false},"excerpt":{"rendered":"<p>R\u00c9HABILITATION ET MODERNISATION DES INSTALLATIONS Poursuivre les mises aux normes, la r\u00e9novation thermique et acoustique, le renouvellement ainsi que l\u02bc\u00e9quipement en mat\u00e9riels et dispositifs \u00e9co-responsables Faire de la cour \u00e9l\u00e9mentaire une oasis v\u00e9g\u00e9talis\u00e9e, perm\u00e9able et ludique RESTAURATION SCOLAIRE Construire un nouveau restaurant scolaire durable avec une cuisine aux normes, adapt\u00e9e \u00e0 la confection de repas [&hellip;]<\/p>\n","protected":false},"author":2,"featured_media":0,"parent":0,"menu_order":0,"comment_status":"closed","ping_status":"closed","template":"","meta":{"footnotes":""},"class_list":["post-722","page","type-page","status-publish","hentry"],"_links":{"self":[{"href":"https:\/\/alternative-fontenay.fr\/index.php?rest_route=\/wp\/v2\/pages\/722","targetHints":{"allow":["GET"]}}],"collection":[{"href":"https:\/\/alternative-fontenay.fr\/index.php?rest_route=\/wp\/v2\/pages"}],"about":[{"href":"https:\/\/alternative-fontenay.fr\/index.php?rest_route=\/wp\/v2\/types\/page"}],"author":[{"embeddable":true,"href":"https:\/\/alternative-fontenay.fr\/index.php?rest_route=\/wp\/v2\/users\/2"}],"replies":[{"embeddable":true,"href":"https:\/\/alternative-fontenay.fr\/index.php?rest_route=%2Fwp%2Fv2%2Fcomments&post=722"}],"version-history":[{"count":2,"href":"https:\/\/alternative-fontenay.fr\/index.php?rest_route=\/wp\/v2\/pages\/722\/revisions"}],"predecessor-version":[{"id":730,"href":"https:\/\/alternative-fontenay.fr\/index.php?rest_route=\/wp\/v2\/pages\/722\/revisions\/730"}],"wp:attachment":[{"href":"https:\/\/alternative-fontenay.fr\/index.php?rest_route=%2Fwp%2Fv2%2Fmedia&parent=722"}],"curies":[{"name":"wp","href":"https:\/\/api.w.org\/{rel}","templated":true}]}}