{"id":696,"date":"2026-02-19T10:48:52","date_gmt":"2026-02-19T09:48:52","guid":{"rendered":"https:\/\/alternative-fontenay.fr\/?page_id=696"},"modified":"2026-02-19T12:09:19","modified_gmt":"2026-02-19T11:09:19","slug":"agir-pour-la-solidarite-et-le-bien-vivre","status":"publish","type":"page","link":"https:\/\/alternative-fontenay.fr\/?page_id=696","title":{"rendered":"Agir pour la solidarit\u00e9 et le bien-vivre"},"content":{"rendered":"\n<h4 class=\"wp-block-heading\">SOLIDARIT\u00c9 FINANCI\u00c8RE<\/h4>\n\n\n\n<p>Appliquer un taux d\u02bceffort \u00e0 votre quotient familial pour effacer les effets de seuil<\/p>\n\n\n\n<p>Instaurer une aide financi\u00e8re communale pour faciliter l\u02bcacc\u00e8s des jeunes aux activit\u00e9s des associations locales<\/p>\n\n\n\n<p>Favoriser l\u02bcorganisation de sorties \u00e0 votre intention par une aide logistique et\/ou financi\u00e8re<\/p>\n\n\n\n<h4 class=\"wp-block-heading\">DYNAMIQUE \u00c9CONOMIQUE<\/h4>\n\n\n\n<p>Instaurer un \u00e9change r\u00e9gulier avec les acteurs \u00e9conomiques locaux<\/p>\n\n\n\n<p>Contribuer \u00e0 la visibilit\u00e9 et \u00e0 la valorisation des entreprises locales<\/p>\n\n\n\n<p>\u00c9tudier l\u02bcinstallation de nouveaux commerces sur la commune<\/p>\n\n\n\n<p>\u00c9valuer l\u02bcint\u00e9r\u00eat d\u02bcun point-relais de produits locaux et\/ou biologiques<\/p>\n\n\n\n<h4 class=\"wp-block-heading\">Action sociale<\/h4>\n\n\n\n<p>Mettre en place, avec et pour vous, un r\u00e9seau de veille bienveillant pour pr\u00e9venir et rompre l\u02bcisolement<\/p>\n\n\n\n<p>Faciliter l\u02bcacc\u00e8s aux droits, aux d\u00e9marches administratives et num\u00e9riques via un accompagnement humain et mat\u00e9riel en mairie<\/p>\n\n\n\n<h4 class=\"wp-block-heading\">HANDICAP<\/h4>\n\n\n\n<p>Garantir l\u02bcaccessibilit\u00e9 \u00e0 tous les espaces et \u00e9quipements publics (mairie, city-stade, \u00e9cole, stationnement&#8230;)<\/p>\n\n\n\n<p>Former les agents communaux aux diff\u00e9rents handicaps pour favoriser l\u02bcinclusivit\u00e9<\/p>\n\n\n\n<h4 class=\"wp-block-heading\">ENFANCE ET JEUNESSE<\/h4>\n\n\n\n<p>Proposer aux assistant(e)s maternel(le)s un local communal avec du mat\u00e9riel d\u02bc\u00e9veil et de motricit\u00e9 pour partager activit\u00e9s\/exp\u00e9rience<\/p>\n\n\n\n<p>Diversifier les jeux ext\u00e9rieurs pour les 0\/3 ans<\/p>\n\n\n\n<p>Ouvrir un espace \u201cjeunes\u02ee \u00e0 la m\u00e9diath\u00e8que sur des temps d\u00e9di\u00e9s<\/p>\n\n\n\n<p>Cr\u00e9er un espace musculation et fitness avec encadrement<\/p>\n\n\n\n<h4 class=\"wp-block-heading\">LIENS INTERG\u00e9n\u00e9rationnels<\/h4>\n\n\n\n<p>D\u00e9velopper des ateliers anim\u00e9s par les s\u00e9niors lors des temps p\u00e9riscolaires (cuisine, jardinage, lecture&#8230;)<\/p>\n\n\n\n<p>Accueillir les s\u00e9niors dans le nouveau restaurant scolaire<\/p>\n\n\n\n<p>Offrir une programmation lors de la \u201csemaine bleue\u02ee des s\u00e9niors<\/p>\n\n\n\n<h4 class=\"wp-block-heading\">SANT\u00c9<\/h4>\n\n\n\n<p>Soutenir la cr\u00e9ation d\u02bcune maison m\u00e9dicale de garde \u00e0 l\u02bch\u00f4pital de Bligny<\/p>\n\n\n\n<p>Mieux s\u02bcassocier aux actions de l\u02bch\u00f4pital et de la fondation Ant\u00e9\u00efa<\/p>\n\n\n\n<p>Encourager l\u02bcinstallation de nouveaux praticiens<\/p>\n\n\n\n<p>Proposer des formations aux gestes qui sauvent<\/p>\n\n\n\n<h4 class=\"wp-block-heading\">DYNAMIQUE ASSOCIATIVE<\/h4>\n\n\n\n<p>Accro\u00eetre le soutien et l\u02bcaccompagnement des associations (communication, mise \u00e0 disposition de locaux, appui technique&#8230;)<\/p>\n\n\n\n<p>Inviter les associations \u00e0 proposer en juin des s\u00e9ances essais gratuits<\/p>\n\n\n\n<h4 class=\"wp-block-heading\">M\u00c9DIATH\u00c8QUE ET LUDOTH\u00c8QUE<\/h4>\n\n\n\n<p>Proposer le pr\u00eat des jeux de soci\u00e9t\u00e9 disponibles en stock<\/p>\n\n\n\n<p>Adapter les horaires d\u02bcouverture pour \u00e9largir la fr\u00e9quentation<\/p>\n\n\n\n<h4 class=\"wp-block-heading\">ACTION CULTURELLE ET SPORTIVE<\/h4>\n\n\n\n<p>D\u00e9finir une programmation culturelle annuelle (spectacles tous publics, conf\u00e9rences, rencontres artistiques et ateliers)<\/p>\n\n\n\n<p>D\u00e9velopper des partenariats avec des acteurs locaux (Fondation Ante\u00efa, th\u00e9\u00e2tre de Bligny, Centre Pompidou et Op\u00e9ra de Massy, lieux de patrimoine, \u00e9tablissements scientifiques\u2026)<\/p>\n\n\n\n<p>Relancer une olympiade sportive annuelle inter-hameaux<\/p>\n\n\n\n<p>Organiser la f\u00eate de la peinture avec le week-end d\u02bcarts<\/p>\n\n\n\n<p>Participer aux journ\u00e9es nationales du patrimoine<\/p>\n\n\n\n<h4 class=\"wp-block-heading\">ANIMAUX<\/h4>\n\n\n\n<p>Cr\u00e9er une charte pour une cohabitation harmonieuse avec les animaux domestiques et veiller \u00e0 son respect<\/p>\n\n\n\n<div style=\"height:100px\" aria-hidden=\"true\" class=\"wp-block-spacer\"><\/div>\n\n\n\n<h5 class=\"wp-block-heading\"><a href=\"https:\/\/alternative-fontenay.fr\/?page_id=588\" data-type=\"page\" data-id=\"588\">> PAGE PR\u00c9C\u00c9DENTE<\/a><\/h5>\n","protected":false},"excerpt":{"rendered":"<p>SOLIDARIT\u00c9 FINANCI\u00c8RE Appliquer un taux d\u02bceffort \u00e0 votre quotient familial pour effacer les effets de seuil Instaurer une aide financi\u00e8re communale pour faciliter l\u02bcacc\u00e8s des jeunes aux activit\u00e9s des associations locales Favoriser l\u02bcorganisation de sorties \u00e0 votre intention par une aide logistique et\/ou financi\u00e8re DYNAMIQUE \u00c9CONOMIQUE Instaurer un \u00e9change r\u00e9gulier avec les acteurs \u00e9conomiques locaux [&hellip;]<\/p>\n","protected":false},"author":2,"featured_media":0,"parent":0,"menu_order":0,"comment_status":"closed","ping_status":"closed","template":"","meta":{"footnotes":""},"class_list":["post-696","page","type-page","status-publish","hentry"],"_links":{"self":[{"href":"https:\/\/alternative-fontenay.fr\/index.php?rest_route=\/wp\/v2\/pages\/696","targetHints":{"allow":["GET"]}}],"collection":[{"href":"https:\/\/alternative-fontenay.fr\/index.php?rest_route=\/wp\/v2\/pages"}],"about":[{"href":"https:\/\/alternative-fontenay.fr\/index.php?rest_route=\/wp\/v2\/types\/page"}],"author":[{"embeddable":true,"href":"https:\/\/alternative-fontenay.fr\/index.php?rest_route=\/wp\/v2\/users\/2"}],"replies":[{"embeddable":true,"href":"https:\/\/alternative-fontenay.fr\/index.php?rest_route=%2Fwp%2Fv2%2Fcomments&post=696"}],"version-history":[{"count":2,"href":"https:\/\/alternative-fontenay.fr\/index.php?rest_route=\/wp\/v2\/pages\/696\/revisions"}],"predecessor-version":[{"id":729,"href":"https:\/\/alternative-fontenay.fr\/index.php?rest_route=\/wp\/v2\/pages\/696\/revisions\/729"}],"wp:attachment":[{"href":"https:\/\/alternative-fontenay.fr\/index.php?rest_route=%2Fwp%2Fv2%2Fmedia&parent=696"}],"curies":[{"name":"wp","href":"https:\/\/api.w.org\/{rel}","templated":true}]}}