{"id":693,"date":"2026-02-19T10:21:11","date_gmt":"2026-02-19T09:21:11","guid":{"rendered":"https:\/\/alternative-fontenay.fr\/?page_id=693"},"modified":"2026-02-19T14:15:15","modified_gmt":"2026-02-19T13:15:15","slug":"preserver-et-amenager-aujourdhui-pour-demain","status":"publish","type":"page","link":"https:\/\/alternative-fontenay.fr\/?page_id=693","title":{"rendered":"Pr\u00e9server et am\u00e9nager aujourd&rsquo;hui pour demain"},"content":{"rendered":"\n<h4 class=\"wp-block-heading\">PATRIMOINE NATUREL et agriculture<\/h4>\n\n\n\n<p>Modifier partiellement le PLU (Plan Local d&rsquo;Urbanisme) pour revoir certains zonages et contr\u00f4ler les abattages par des Espaces Bois\u00e9s Class\u00e9s<\/p>\n\n\n\n<p>Pr\u00e9server les terres cultiv\u00e9es et mettre en place un \u00e9change r\u00e9gulier avec les propri\u00e9taires et exploitants agricoles<\/p>\n\n\n\n<p>Prot\u00e9ger les zones humides en appliquant le PLU<\/p>\n\n\n\n<h4 class=\"wp-block-heading\">PATRIMOINE B\u00c2TI<\/h4>\n\n\n\n<p>Pr\u00e9server et valoriser les \u00e9l\u00e9ments patrimoniaux (protection au titre des monuments historiques, plaques, circuit d\u00e9couverte\u2026)<\/p>\n\n\n\n<p>Concevoir et mettre en \u0153uvre un projet global de r\u00e9habilitation\/r\u00e9am\u00e9nagement des b\u00e2timents et espaces publics du centre-bourg pour renforcer son attractivit\u00e9 et sa convivialit\u00e9<\/p>\n\n\n\n<h4 class=\"wp-block-heading\">D\u00c9VELOPPEMENT URBAIN<\/h4>\n\n\n\n<p>Ma\u00eetriser la croissance d\u00e9mographique et b\u00e2tie<\/p>\n\n\n\n<p>Limiter la consommation d\u02bcespaces de pleine terre<\/p>\n\n\n\n<p>Encadrer les op\u00e9rations immobili\u00e8res priv\u00e9es<\/p>\n\n\n\n<p>\u00c9valuer vos besoins en petits logements (T1 \u00e0 T3)<\/p>\n\n\n\n<p>Encourager la transformation du b\u00e2ti ancien existant<\/p>\n\n\n\n<p>Ajuster la capacit\u00e9 des \u00e9quipements publics \u00e0 l\u02bc\u00e9volution d\u00e9mographique et \u00e0 vos besoins<\/p>\n\n\n\n<h4 class=\"wp-block-heading\">\u00c9QUIPEMENTS \u00c9COLOGIQUES DE PROXIMIT\u00c9<\/h4>\n\n\n\n<p>Disposer des corbeilles de tri s\u00e9lectif sur l\u02bcespace public<\/p>\n\n\n\n<p>Installer des r\u00e9cup\u00e9rateurs d\u02bceau de pluie pour les espaces verts<\/p>\n\n\n\n<p>Assurer via Le Siredom (Syndicat pour l&rsquo;Innovation, le Recyclage et l&rsquo;\u00c9nergie par les D\u00e9chets et Ordures)&nbsp;l\u02bcobligation l\u00e9gale de collecte des biod\u00e9chets<\/p>\n\n\n\n<h4 class=\"wp-block-heading\">LOGEMENTS VACANTS<\/h4>\n\n\n\n<p>Pr\u00e9ciser la nature des logements vacants pour appr\u00e9cier leur capacit\u00e9 de r\u00e9utilisation<\/p>\n\n\n\n<h4 class=\"wp-block-heading\">PARC DE LA RATP<\/h4>\n\n\n\n<p>Accompagner les propri\u00e9taires et gestionnaires pour trouver une issue favorable aux probl\u00e9matiques actuelles (fermeture au public, d\u00e9gradation du b\u00e2ti)<\/p>\n\n\n\n<h4 class=\"wp-block-heading\">ESPACES VERTS<\/h4>\n\n\n\n<p>Harmoniser l\u02bcentretien sur l\u02bcensemble du territoire communal<\/p>\n\n\n\n<p>R\u00e9aliser des plantations conciliant qualit\u00e9 paysag\u00e8re, esth\u00e9tique et \u00e9cologie<\/p>\n\n\n\n<p>Programmer un \u00e9lagage des arbres respectueux de leur d\u00e9veloppement et de la s\u00e9curit\u00e9<\/p>\n\n\n\n<h4 class=\"wp-block-heading\">\u00c9QUIPEMENTS SPORTIFS<\/h4>\n\n\n\n<p>Inciter la CCPL (Communaut\u00e9 de Communes du Pays de Limours) \u00e0 cr\u00e9er un parcours de sant\u00e9 au sein du parc de Soucy<\/p>\n\n\n\n<p>Installer un \u00e9quipement de glisse urbaine<\/p>\n\n\n\n<h4 class=\"wp-block-heading\">NUISANCES A\u00c9RIENNES<\/h4>\n\n\n\n<p>Pr\u00e9server le territoire en soignant la relation avec A\u00e9roports de Paris (ADP) et en affirmant la position communale<\/p>\n\n\n\n<div style=\"height:100px\" aria-hidden=\"true\" class=\"wp-block-spacer\"><\/div>\n\n\n\n<h5 class=\"wp-block-heading\"><a href=\"https:\/\/alternative-fontenay.fr\/?page_id=588\" data-type=\"page\" data-id=\"588\">&gt; PAGE PR\u00c9C\u00c9DENTE<\/a><\/h5>\n","protected":false},"excerpt":{"rendered":"<p>PATRIMOINE NATUREL et agriculture Modifier partiellement le PLU (Plan Local d&rsquo;Urbanisme) pour revoir certains zonages et contr\u00f4ler les abattages par des Espaces Bois\u00e9s Class\u00e9s Pr\u00e9server les terres cultiv\u00e9es et mettre en place un \u00e9change r\u00e9gulier avec les propri\u00e9taires et exploitants agricoles Prot\u00e9ger les zones humides en appliquant le PLU PATRIMOINE B\u00c2TI Pr\u00e9server et valoriser les [&hellip;]<\/p>\n","protected":false},"author":2,"featured_media":0,"parent":0,"menu_order":0,"comment_status":"closed","ping_status":"closed","template":"","meta":{"footnotes":""},"class_list":["post-693","page","type-page","status-publish","hentry"],"_links":{"self":[{"href":"https:\/\/alternative-fontenay.fr\/index.php?rest_route=\/wp\/v2\/pages\/693","targetHints":{"allow":["GET"]}}],"collection":[{"href":"https:\/\/alternative-fontenay.fr\/index.php?rest_route=\/wp\/v2\/pages"}],"about":[{"href":"https:\/\/alternative-fontenay.fr\/index.php?rest_route=\/wp\/v2\/types\/page"}],"author":[{"embeddable":true,"href":"https:\/\/alternative-fontenay.fr\/index.php?rest_route=\/wp\/v2\/users\/2"}],"replies":[{"embeddable":true,"href":"https:\/\/alternative-fontenay.fr\/index.php?rest_route=%2Fwp%2Fv2%2Fcomments&post=693"}],"version-history":[{"count":4,"href":"https:\/\/alternative-fontenay.fr\/index.php?rest_route=\/wp\/v2\/pages\/693\/revisions"}],"predecessor-version":[{"id":785,"href":"https:\/\/alternative-fontenay.fr\/index.php?rest_route=\/wp\/v2\/pages\/693\/revisions\/785"}],"wp:attachment":[{"href":"https:\/\/alternative-fontenay.fr\/index.php?rest_route=%2Fwp%2Fv2%2Fmedia&parent=693"}],"curies":[{"name":"wp","href":"https:\/\/api.w.org\/{rel}","templated":true}]}}