{"id":690,"date":"2026-02-19T09:50:15","date_gmt":"2026-02-19T08:50:15","guid":{"rendered":"https:\/\/alternative-fontenay.fr\/?page_id=690"},"modified":"2026-02-19T12:12:25","modified_gmt":"2026-02-19T11:12:25","slug":"se-deplacer-et-habiter-en-securite","status":"publish","type":"page","link":"https:\/\/alternative-fontenay.fr\/?page_id=690","title":{"rendered":"Se d\u00e9placer et habiter en s\u00e9curit\u00e9"},"content":{"rendered":"\n<h4 class=\"wp-block-heading\">D\u00c9PLACEMENTS PI\u00c9TONNIERS ET CYCLABLES<\/h4>\n\n\n\n<p>Mieux signaler les passages pi\u00e9tons<\/p>\n\n\n\n<p>Rendre les trottoirs aux pi\u00e9tons et les compl\u00e9ter si besoin<\/p>\n\n\n\n<p>Entretenir les chemins et les r\u00e9fectionner si besoin<\/p>\n\n\n\n<p>\u00c9tablir un plan v\u00e9lo communal pour subventionnement\/d\u00e9ploiement<\/p>\n\n\n\n<p>Mobiliser la CCPL&nbsp;1&nbsp;pour r\u00e9aliser une liaison avec la gare autorouti\u00e8re depuis le Bourg et la Ronci\u00e8re<\/p>\n\n\n\n<h4 class=\"wp-block-heading\">TRANSPORTS EN COMMUN<\/h4>\n\n\n\n<p>Mettre aux normes, assurer l\u02bcaccessibilit\u00e9 pour tous et entretenir les arr\u00eats de bus (\u00e9clairage, abri, informations voyageurs, etc.)<\/p>\n\n\n\n<p>Mobiliser la CCPL\u00a0(Communaut\u00e9 de Communes du Pays de Limours)\u00a0pour am\u00e9liorer l\u02bcoffre de transports (circuits scolaires, offre dominicale, desserte h\u00f4pital de Bligny, liaisons gare autorouti\u00e8re, transport \u00e0 la demande)<\/p>\n\n\n\n<h4 class=\"wp-block-heading\">VOIRIES ET PANNEAUX D&rsquo;AGGLOM\u00c9RATION<\/h4>\n\n\n\n<p>B\u00e2tir un programme d\u02bcentretien r\u00e9gulier, de r\u00e9novation et d\u02bcam\u00e9nagement des voies communales<\/p>\n\n\n\n<p>Am\u00e9nager, avec le d\u00e9partement, les abords des RD97 et RD3 dans la travers\u00e9e de Bel-Air et Soucy<\/p>\n\n\n\n<p>Uniformiser l\u02bcentretien des accotements et la limitation de vitesse en compl\u00e9tant ou ajustant les limites d\u02bcagglom\u00e9ration sur les routes d\u00e9partementales<\/p>\n\n\n\n<h4 class=\"wp-block-heading\">VITESSE ET ENTR\u00c9ES DE VILLAGE\/HAMEAUX<\/h4>\n\n\n\n<p>Ajuster les limitations et les dispositifs de mod\u00e9ration de vitesse<\/p>\n\n\n\n<p>Garantir une bonne visibilit\u00e9 aux carrefours dangereux<\/p>\n\n\n\n<p>Marquer et valoriser les entr\u00e9es (panneau, plantations, muret) pour renforcer le caract\u00e8re villageois et alerter l\u02bcautomobiliste<\/p>\n\n\n\n<h4 class=\"wp-block-heading\">R\u00c9SEAUX ET \u00c9CLAIRAGE PUBLIC<\/h4>\n\n\n\n<p>Proc\u00e9der \u00e0 l\u02bcenfouissement des r\u00e9seaux a\u00e9riens \u00e0 chaque opportunit\u00e9 de travaux pour s\u00e9curiser l\u02bcalimentation, simplifier l\u02bcexploitation et limiter la pollution visuelle<\/p>\n\n\n\n<p>Compl\u00e9ter l\u02bc\u00e9clairage public (entr\u00e9e salle du Pavier, trottoir bourg, abords de l\u02bc\u00e9cole, hameaux), r\u00e9\u00e9valuer ses horaires de fonctionnement et s\u02bcassurer de leur application<\/p>\n\n\n\n<p>Expertiser les r\u00e9seaux d\u02bcassainissement avec le syndicat de l\u02bcOrge<\/p>\n\n\n\n<h4 class=\"wp-block-heading\">PROTECTION ET PR\u00c9VENTION<\/h4>\n\n\n\n<p>Dresser un retour d\u02bcexp\u00e9rience de la vid\u00e9o-protection (rapport b\u00e9n\u00e9fice\/co\u00fbt) pour l\u02bcajuster si besoin<\/p>\n\n\n\n<p>Mettre en place le \u201cDispositif de participation citoyenne\u02ee rapprochant citoyens r\u00e9f\u00e9rents, \u00e9lus et forces de l\u02bcordre<\/p>\n\n\n\n<p>Organiser une ronde r\u00e9guli\u00e8re du policier municipal sur l\u02bcensemble de la commune<\/p>\n\n\n\n<div style=\"height:100px\" aria-hidden=\"true\" class=\"wp-block-spacer\"><\/div>\n\n\n\n<h5 class=\"wp-block-heading\"><a href=\"https:\/\/alternative-fontenay.fr\/?page_id=588\" data-type=\"page\" data-id=\"588\">> PAGE PR\u00c9C\u00c9DENTE<\/a><\/h5>\n","protected":false},"excerpt":{"rendered":"<p>D\u00c9PLACEMENTS PI\u00c9TONNIERS ET CYCLABLES Mieux signaler les passages pi\u00e9tons Rendre les trottoirs aux pi\u00e9tons et les compl\u00e9ter si besoin Entretenir les chemins et les r\u00e9fectionner si besoin \u00c9tablir un plan v\u00e9lo communal pour subventionnement\/d\u00e9ploiement Mobiliser la CCPL&nbsp;1&nbsp;pour r\u00e9aliser une liaison avec la gare autorouti\u00e8re depuis le Bourg et la Ronci\u00e8re TRANSPORTS EN COMMUN Mettre aux [&hellip;]<\/p>\n","protected":false},"author":2,"featured_media":0,"parent":0,"menu_order":0,"comment_status":"closed","ping_status":"closed","template":"","meta":{"footnotes":""},"class_list":["post-690","page","type-page","status-publish","hentry"],"_links":{"self":[{"href":"https:\/\/alternative-fontenay.fr\/index.php?rest_route=\/wp\/v2\/pages\/690","targetHints":{"allow":["GET"]}}],"collection":[{"href":"https:\/\/alternative-fontenay.fr\/index.php?rest_route=\/wp\/v2\/pages"}],"about":[{"href":"https:\/\/alternative-fontenay.fr\/index.php?rest_route=\/wp\/v2\/types\/page"}],"author":[{"embeddable":true,"href":"https:\/\/alternative-fontenay.fr\/index.php?rest_route=\/wp\/v2\/users\/2"}],"replies":[{"embeddable":true,"href":"https:\/\/alternative-fontenay.fr\/index.php?rest_route=%2Fwp%2Fv2%2Fcomments&post=690"}],"version-history":[{"count":3,"href":"https:\/\/alternative-fontenay.fr\/index.php?rest_route=\/wp\/v2\/pages\/690\/revisions"}],"predecessor-version":[{"id":734,"href":"https:\/\/alternative-fontenay.fr\/index.php?rest_route=\/wp\/v2\/pages\/690\/revisions\/734"}],"wp:attachment":[{"href":"https:\/\/alternative-fontenay.fr\/index.php?rest_route=%2Fwp%2Fv2%2Fmedia&parent=690"}],"curies":[{"name":"wp","href":"https:\/\/api.w.org\/{rel}","templated":true}]}}