{"id":588,"date":"2026-02-19T10:49:12","date_gmt":"2026-02-19T09:49:12","guid":{"rendered":"https:\/\/alternative-fontenay.fr\/?page_id=588"},"modified":"2026-03-27T17:48:34","modified_gmt":"2026-03-27T16:48:34","slug":"le-programme-alternative-fontenay","status":"publish","type":"page","link":"https:\/\/alternative-fontenay.fr\/?page_id=588","title":{"rendered":"Le programme"},"content":{"rendered":"\n<h4 class=\"wp-block-heading\">Le projet Alternative Fontenay s\u2019est construit \u00e0 partir de <mark style=\"background-color:rgba(0, 0, 0, 0);color:#ff6900\" class=\"has-inline-color\">vos besoins r\u00e9els, de vos remarques et de vos id\u00e9es<\/mark>, recueillis lors de nos \u00e9changes des derniers mois et dans vos r\u00e9ponses au sondage propos\u00e9 en 2025. C\u2019est un projet concret, durable et r\u00e9alisable, structur\u00e9 autour d\u2019actions claires et adapt\u00e9es aux r\u00e9alit\u00e9s du village.<\/h4>\n\n\n\n<div style=\"height:0px\" aria-hidden=\"true\" class=\"wp-block-spacer\"><\/div>\n\n\n\n<div class=\"wp-block-columns is-layout-flex wp-container-core-columns-is-layout-28f84493 wp-block-columns-is-layout-flex\">\n<div class=\"wp-block-column is-layout-flow wp-block-column-is-layout-flow\"><\/div>\n<\/div>\n\n\n\n<div class=\"wp-block-columns are-vertically-aligned-top has-secondary-background-color has-background is-layout-flex wp-container-core-columns-is-layout-cf05694f wp-block-columns-is-layout-flex\">\n<div class=\"wp-block-column is-vertically-aligned-top is-layout-flow wp-block-column-is-layout-flow\">\n<div style=\"height:30px\" aria-hidden=\"true\" class=\"wp-block-spacer\"><\/div>\n\n\n\n<h3 class=\"wp-block-heading\" id=\"about\" style=\"margin-top:0;margin-bottom:0;padding-top:0;padding-right:0;padding-bottom:0;padding-left:0\">SE d\u00e9placer ET <br>habiter en s\u00e9curit\u00e9<\/h3>\n<\/div>\n\n\n\n<div class=\"wp-block-column is-vertically-aligned-top is-layout-flow wp-block-column-is-layout-flow\">\n<div style=\"height:5px\" aria-hidden=\"true\" class=\"wp-block-spacer\"><\/div>\n\n\n\n<div class=\"wp-block-group has-global-padding is-layout-constrained wp-block-group-is-layout-constrained\">\n<p class=\"has-small-font-size\" style=\"padding-top:0;padding-right:0;padding-bottom:0;padding-left:0\"><strong><strong><strong><strong><strong><strong><strong><strong><strong><strong><strong>D\u00e9placements pi\u00e9tonniers et cyclables<br>Transports en commun<br>Voiries et panneaux d&rsquo;agglom\u00e9ration<br>Vitesse et entr\u00e9e de village\/hameaux<br>R\u00e9seaux et \u00e9clairage<br>Protection et pr\u00e9vention<\/strong><\/strong><\/strong><\/strong><\/strong><\/strong><\/strong><\/strong><\/strong><\/strong><\/strong><\/p>\n<\/div>\n\n\n\n<div class=\"wp-block-group has-global-padding is-layout-constrained wp-block-group-is-layout-constrained\">\n<div class=\"wp-block-buttons is-layout-flex wp-block-buttons-is-layout-flex\">\n<div class=\"wp-block-button\"><a class=\"wp-block-button__link has-background-background-color has-background wp-element-button\" href=\"https:\/\/alternative-fontenay.fr\/?page_id=690\" target=\"_blank\" rel=\"noreferrer noopener\"><mark style=\"background-color:rgba(0, 0, 0, 0);color:#0c0c0c\" class=\"has-inline-color\">EN SAVOIR PLUS<\/mark><\/a><\/div>\n<\/div>\n<\/div>\n\n\n\n<div style=\"height:30px\" aria-hidden=\"true\" class=\"wp-block-spacer\"><\/div>\n<\/div>\n<\/div>\n\n\n\n<div class=\"wp-block-columns are-vertically-aligned-top has-primary-background-color has-background is-layout-flex wp-container-core-columns-is-layout-cf05694f wp-block-columns-is-layout-flex\">\n<div class=\"wp-block-column is-vertically-aligned-top is-layout-flow wp-block-column-is-layout-flow\">\n<div style=\"height:30px\" aria-hidden=\"true\" class=\"wp-block-spacer\"><\/div>\n\n\n\n<h3 class=\"wp-block-heading\" id=\"about\" style=\"margin-top:0;margin-bottom:0;padding-top:0;padding-right:0;padding-bottom:0;padding-left:0\">pr\u00e9server et am\u00e9nager <br>aujourd&rsquo;hui pour demain<\/h3>\n<\/div>\n\n\n\n<div class=\"wp-block-column is-vertically-aligned-top is-layout-flow wp-block-column-is-layout-flow\">\n<div style=\"height:5px\" aria-hidden=\"true\" class=\"wp-block-spacer\"><\/div>\n\n\n\n<p class=\"has-small-font-size\" style=\"padding-top:0;padding-right:0;padding-bottom:0;padding-left:0\"><strong><strong><strong><strong><strong><strong><strong><strong><strong><strong>Patrimoine naturel et agriculture<br>Patrimoine b\u00e2ti<br>D\u00e9veloppement urbain<br>Logements vacants<br>\u00c9quipements \u00e9cologiques de proximit\u00e9 <br>Parc de la RATP<br>Espaces verts<br>\u00c9quipements sportifs<br>Nuisances a\u00e9riennes<\/strong><\/strong><\/strong><\/strong><\/strong><\/strong><\/strong><\/strong><\/strong><\/strong><\/p>\n\n\n\n<div class=\"wp-block-buttons is-layout-flex wp-block-buttons-is-layout-flex\">\n<div class=\"wp-block-button\"><a class=\"wp-block-button__link has-background-background-color has-background wp-element-button\" href=\"https:\/\/alternative-fontenay.fr\/?page_id=693\" target=\"_blank\" rel=\"noreferrer noopener\"><mark style=\"background-color:rgba(0, 0, 0, 0);color:#0c0c0c\" class=\"has-inline-color\">EN SAVOIR PLUS<\/mark><\/a><\/div>\n<\/div>\n\n\n\n<div style=\"height:30px\" aria-hidden=\"true\" class=\"wp-block-spacer\"><\/div>\n<\/div>\n<\/div>\n\n\n\n<div class=\"wp-block-columns are-vertically-aligned-top has-background is-layout-flex wp-container-core-columns-is-layout-cf05694f wp-block-columns-is-layout-flex\" style=\"background-color:#4dbd7f\">\n<div class=\"wp-block-column is-vertically-aligned-top is-layout-flow wp-block-column-is-layout-flow\">\n<div style=\"height:30px\" aria-hidden=\"true\" class=\"wp-block-spacer\"><\/div>\n\n\n\n<h3 class=\"wp-block-heading\" id=\"about\" style=\"margin-top:0;margin-bottom:0;padding-top:0;padding-right:0;padding-bottom:0;padding-left:0\">AGIR POUR <br>LA SOLIDARIT\u00c9 ET <br>LE BIEN-VIVRE<\/h3>\n<\/div>\n\n\n\n<div class=\"wp-block-column is-vertically-aligned-top is-layout-flow wp-block-column-is-layout-flow\">\n<div style=\"height:5px\" aria-hidden=\"true\" class=\"wp-block-spacer\"><\/div>\n\n\n\n<p class=\"has-small-font-size\" style=\"padding-top:0;padding-right:0;padding-bottom:0;padding-left:0\"><strong><strong><strong><strong><strong><strong><strong><strong><strong>Solidarit\u00e9 financi\u00e8re<\/strong><br><strong>Dynamique \u00e9conomique<\/strong><br><strong>Action sociale<\/strong><br><strong>Handicap<\/strong><br><strong>Enfance et jeunesse<\/strong><br><strong>Liens interg\u00e9n\u00e9rationnels<\/strong><br><strong>Sant\u00e9<\/strong><br><strong>Dynamique associative<br>M\u00e9diath\u00e8que et ludoth\u00e8que<\/strong><br><strong>Action culturelle et sportive<\/strong><br><strong>Animaux<\/strong><\/strong><\/strong><\/strong><\/strong><\/strong><\/strong><\/strong><\/strong><\/p>\n\n\n\n<div class=\"wp-block-buttons is-layout-flex wp-block-buttons-is-layout-flex\">\n<div class=\"wp-block-button\"><a class=\"wp-block-button__link has-background-background-color has-background wp-element-button\" href=\"https:\/\/alternative-fontenay.fr\/?page_id=696\" target=\"_blank\" rel=\"noreferrer noopener\"><mark style=\"background-color:rgba(0, 0, 0, 0);color:#0c0c0c\" class=\"has-inline-color\">EN SAVOIR PLUS<\/mark><\/a><\/div>\n<\/div>\n\n\n\n<div style=\"height:30px\" aria-hidden=\"true\" class=\"wp-block-spacer\"><\/div>\n<\/div>\n<\/div>\n\n\n\n<div class=\"wp-block-columns are-vertically-aligned-top has-custom-color-6-background-color has-background is-layout-flex wp-container-core-columns-is-layout-cf05694f wp-block-columns-is-layout-flex\">\n<div class=\"wp-block-column is-vertically-aligned-top is-layout-flow wp-block-column-is-layout-flow\">\n<div style=\"height:30px\" aria-hidden=\"true\" class=\"wp-block-spacer\"><\/div>\n\n\n\n<h3 class=\"wp-block-heading\" id=\"about\" style=\"margin-top:0;margin-bottom:0;padding-top:0;padding-right:0;padding-bottom:0;padding-left:0\">PORTER UNE AMBITION<br>POUR L&rsquo;\u00e9cole<\/h3>\n<\/div>\n\n\n\n<div class=\"wp-block-column is-vertically-aligned-top is-layout-flow wp-block-column-is-layout-flow\">\n<div style=\"height:5px\" aria-hidden=\"true\" class=\"wp-block-spacer\"><\/div>\n\n\n\n<p class=\"has-small-font-size\" style=\"padding-top:0;padding-right:0;padding-bottom:0;padding-left:0\"><strong><strong><strong><strong><strong><strong><strong>R\u00e9habilitation et modernisation des installations<\/strong><br><strong>Restauration scolaire<\/strong><br><strong>Dotation horaire et nombre de classes<\/strong><br><strong>Projet \u00e9ducatif et encadrement<\/strong><\/strong><\/strong><\/strong><\/strong><\/strong><\/strong><\/p>\n\n\n\n<div class=\"wp-block-buttons is-layout-flex wp-block-buttons-is-layout-flex\">\n<div class=\"wp-block-button\"><a class=\"wp-block-button__link has-background-background-color has-background wp-element-button\" href=\"https:\/\/alternative-fontenay.fr\/?page_id=722\"><mark style=\"background-color:rgba(0, 0, 0, 0);color:#0c0c0c\" class=\"has-inline-color\">EN SAVOIR PLUS<\/mark><\/a><\/div>\n<\/div>\n\n\n\n<div style=\"height:30px\" aria-hidden=\"true\" class=\"wp-block-spacer\"><\/div>\n<\/div>\n<\/div>\n\n\n\n<div class=\"wp-block-columns are-vertically-aligned-top has-custom-color-1-background-color has-background is-layout-flex wp-container-core-columns-is-layout-cf05694f wp-block-columns-is-layout-flex\">\n<div class=\"wp-block-column is-vertically-aligned-top is-layout-flow wp-block-column-is-layout-flow\">\n<div style=\"height:30px\" aria-hidden=\"true\" class=\"wp-block-spacer\"><\/div>\n\n\n\n<h3 class=\"wp-block-heading\" id=\"about\" style=\"margin-top:0;margin-bottom:0;padding-top:0;padding-right:0;padding-bottom:0;padding-left:0\">faire vivre au quotidien<br>la d\u00e9mocratie locale<\/h3>\n<\/div>\n\n\n\n<div class=\"wp-block-column is-vertically-aligned-top is-layout-flow wp-block-column-is-layout-flow\">\n<div style=\"height:5px\" aria-hidden=\"true\" class=\"wp-block-spacer\"><\/div>\n\n\n\n<p class=\"has-small-font-size\" style=\"padding-top:0;padding-right:0;padding-bottom:0;padding-left:0\"><strong><strong><strong><strong>Participation citoyenne<br>Conseils citoyens<br>Fonctionnement du conseil municipal<br>Informations et accueil en Mairie<\/strong><\/strong><\/strong><\/strong><\/p>\n\n\n\n<div class=\"wp-block-buttons is-layout-flex wp-block-buttons-is-layout-flex\">\n<div class=\"wp-block-button\"><a class=\"wp-block-button__link has-background-background-color has-background wp-element-button\" href=\"https:\/\/alternative-fontenay.fr\/?page_id=725\" target=\"_blank\" rel=\"noreferrer noopener\"><mark style=\"background-color:rgba(0, 0, 0, 0);color:#0c0c0c\" class=\"has-inline-color\">EN SAVOIR PLUS<\/mark><\/a><\/div>\n<\/div>\n\n\n\n<div style=\"height:30px\" aria-hidden=\"true\" class=\"wp-block-spacer\"><\/div>\n<\/div>\n<\/div>\n\n\n\n<div style=\"height:41px\" aria-hidden=\"true\" class=\"wp-block-spacer\"><\/div>\n\n\n\n<h4 class=\"wp-block-heading\">Les 15 et 22 mars prochains, nous comptons sur vous.<\/h4>\n\n\n\n<div style=\"height:100px\" aria-hidden=\"true\" class=\"wp-block-spacer\"><\/div>\n\n\n\n<h5 class=\"wp-block-heading\"><a href=\"https:\/\/alternative-fontenay.fr\" data-type=\"link\" data-id=\"https:\/\/alternative-fontenay.fr\">&gt; PAGE D&rsquo;ACCUEIL<\/a><\/h5>\n","protected":false},"excerpt":{"rendered":"<p>Le projet Alternative Fontenay s\u2019est construit \u00e0 partir de vos besoins r\u00e9els, de vos remarques et de vos id\u00e9es, recueillis lors de nos \u00e9changes des derniers mois et dans vos r\u00e9ponses au sondage propos\u00e9 en 2025. C\u2019est un projet concret, durable et r\u00e9alisable, structur\u00e9 autour d\u2019actions claires et adapt\u00e9es aux r\u00e9alit\u00e9s du village. SE d\u00e9placer [&hellip;]<\/p>\n","protected":false},"author":2,"featured_media":0,"parent":0,"menu_order":0,"comment_status":"closed","ping_status":"closed","template":"","meta":{"footnotes":""},"class_list":["post-588","page","type-page","status-publish","hentry"],"_links":{"self":[{"href":"https:\/\/alternative-fontenay.fr\/index.php?rest_route=\/wp\/v2\/pages\/588","targetHints":{"allow":["GET"]}}],"collection":[{"href":"https:\/\/alternative-fontenay.fr\/index.php?rest_route=\/wp\/v2\/pages"}],"about":[{"href":"https:\/\/alternative-fontenay.fr\/index.php?rest_route=\/wp\/v2\/types\/page"}],"author":[{"embeddable":true,"href":"https:\/\/alternative-fontenay.fr\/index.php?rest_route=\/wp\/v2\/users\/2"}],"replies":[{"embeddable":true,"href":"https:\/\/alternative-fontenay.fr\/index.php?rest_route=%2Fwp%2Fv2%2Fcomments&post=588"}],"version-history":[{"count":39,"href":"https:\/\/alternative-fontenay.fr\/index.php?rest_route=\/wp\/v2\/pages\/588\/revisions"}],"predecessor-version":[{"id":919,"href":"https:\/\/alternative-fontenay.fr\/index.php?rest_route=\/wp\/v2\/pages\/588\/revisions\/919"}],"wp:attachment":[{"href":"https:\/\/alternative-fontenay.fr\/index.php?rest_route=%2Fwp%2Fv2%2Fmedia&parent=588"}],"curies":[{"name":"wp","href":"https:\/\/api.w.org\/{rel}","templated":true}]}}