{"id":423,"date":"2025-07-21T13:36:09","date_gmt":"2025-07-21T11:36:09","guid":{"rendered":"https:\/\/alternative-fontenay.fr\/?page_id=423"},"modified":"2026-03-27T17:47:10","modified_gmt":"2026-03-27T16:47:10","slug":"les-elus","status":"publish","type":"page","link":"https:\/\/alternative-fontenay.fr\/?page_id=423","title":{"rendered":"\u00e9lue au conseil municipal et engag\u00e9e au sein d\u2019Alternative Fontenay."},"content":{"rendered":"\n<div class=\"wp-block-columns alignwide has-secondary-background-color has-background is-layout-flex wp-container-core-columns-is-layout-77349065 wp-block-columns-is-layout-flex\" style=\"padding-top:64px;padding-bottom:64px\">\n<div class=\"wp-block-column is-layout-flow wp-block-column-is-layout-flow\" style=\"flex-basis:33%\">\n<h4 class=\"wp-block-heading\" id=\"about\">S\u00e9verine artus<\/h4>\n<\/div>\n\n\n\n<div class=\"wp-block-column is-layout-flow wp-container-core-column-is-layout-0d1bd4b5 wp-block-column-is-layout-flow\">\n<p>\u00c2g\u00e9e de 49 ans, en couple et maman d\u2019une jeune femme de 22 ans, je r\u00e9side \u00e0 Fontenay-l\u00e8s-Briis <strong>depuis 10 ans<\/strong>. Ce que j\u2019ai constat\u00e9 depuis 2020 dans la gestion actuelle de la commune, et notamment <strong>la pauvret\u00e9 d\u00e9mocratique<\/strong>, renforce <strong>mon engagement et ma motivation \u00e0 porter les objectifs et les projets du collectif<\/strong> Alternative Fontenay.<\/p>\n\n\n\n<p>Mon r\u00f4le d\u2019\u00e9lue et mon adh\u00e9sion aupr\u00e8s de <strong>l\u2019Association Nationale des \u00c9lus de l\u2019Opposition <\/strong>(AELO), durant le mandat en cours, m\u2019ont permis de<strong> me former et d\u2019acqu\u00e9rir de nombreuses comp\u00e9tences en mati\u00e8re de gestion communale<\/strong>. J\u2019estime d\u2019ailleurs que la commune doit se doter, d\u00e8s le d\u00e9but de mandat, d\u2019une <strong>strat\u00e9gie globale<\/strong> pour chacune de ses missions.<\/p>\n\n\n\n<p>Gr\u00e2ce \u00e0 <strong>mes engagements professionnels et associatifs<\/strong>, j\u2019ai acquis certaines m\u00e9thodes de travail en lien avec la communication et le relationnel. Je souhaite les mettre au service de notre village et de vos besoins, notamment en allant \u00e0 votre rencontre. Je suis persuad\u00e9e que <strong>les habitants ont toute leur place dans la r\u00e9flexion et la d\u00e9cision li\u00e9es aux grands projets<\/strong> de la commune. J\u2019accorde ainsi une vraie importance \u00e0 <strong>la mise en place de comit\u00e9s consultatifs, de r\u00e9unions d\u2019information et de concertation<\/strong>.<\/p>\n<\/div>\n<\/div>\n","protected":false},"excerpt":{"rendered":"<p>S\u00e9verine artus \u00c2g\u00e9e de 49 ans, en couple et maman d\u2019une jeune femme de 22 ans, je r\u00e9side \u00e0 Fontenay-l\u00e8s-Briis depuis 10 ans. Ce que j\u2019ai constat\u00e9 depuis 2020 dans la gestion actuelle de la commune, et notamment la pauvret\u00e9 d\u00e9mocratique, renforce mon engagement et ma motivation \u00e0 porter les objectifs et les projets du [&hellip;]<\/p>\n","protected":false},"author":2,"featured_media":0,"parent":0,"menu_order":0,"comment_status":"closed","ping_status":"closed","template":"","meta":{"footnotes":""},"class_list":["post-423","page","type-page","status-publish","hentry"],"_links":{"self":[{"href":"https:\/\/alternative-fontenay.fr\/index.php?rest_route=\/wp\/v2\/pages\/423","targetHints":{"allow":["GET"]}}],"collection":[{"href":"https:\/\/alternative-fontenay.fr\/index.php?rest_route=\/wp\/v2\/pages"}],"about":[{"href":"https:\/\/alternative-fontenay.fr\/index.php?rest_route=\/wp\/v2\/types\/page"}],"author":[{"embeddable":true,"href":"https:\/\/alternative-fontenay.fr\/index.php?rest_route=\/wp\/v2\/users\/2"}],"replies":[{"embeddable":true,"href":"https:\/\/alternative-fontenay.fr\/index.php?rest_route=%2Fwp%2Fv2%2Fcomments&post=423"}],"version-history":[{"count":13,"href":"https:\/\/alternative-fontenay.fr\/index.php?rest_route=\/wp\/v2\/pages\/423\/revisions"}],"predecessor-version":[{"id":918,"href":"https:\/\/alternative-fontenay.fr\/index.php?rest_route=\/wp\/v2\/pages\/423\/revisions\/918"}],"wp:attachment":[{"href":"https:\/\/alternative-fontenay.fr\/index.php?rest_route=%2Fwp%2Fv2%2Fmedia&parent=423"}],"curies":[{"name":"wp","href":"https:\/\/api.w.org\/{rel}","templated":true}]}}