{"id":325,"date":"2025-07-20T22:44:06","date_gmt":"2025-07-20T20:44:06","guid":{"rendered":"https:\/\/alternative-fontenay.fr\/?page_id=325"},"modified":"2025-07-20T22:44:23","modified_gmt":"2025-07-20T20:44:23","slug":"politique-de-confidentialite","status":"publish","type":"page","link":"https:\/\/alternative-fontenay.fr\/?page_id=325","title":{"rendered":"Politique de confidentialit\u00e9"},"content":{"rendered":"\n<p><\/p>\n\n\n\n<div class=\"wp-block-group has-global-padding is-layout-constrained wp-container-core-group-is-layout-53129717 wp-block-group-is-layout-constrained\">\n<div style=\"height:35px\" aria-hidden=\"true\" class=\"wp-block-spacer\"><\/div>\n\n\n\n<p><strong>Derni\u00e8re mise \u00e0 jour : 20 juillet 2025<\/strong><\/p>\n\n\n\n<p>Le pr\u00e9sent site internet est celui de la liste \u00e9lectorale Alternative Fontenay, engag\u00e9e pour les \u00e9lections municipales 2026 \u00e0 Fontenay-l\u00e8s-Briis. Dans le cadre de son fonctionnement, ce site peut \u00eatre amen\u00e9 \u00e0 collecter certaines donn\u00e9es personnelles. Le respect de votre vie priv\u00e9e est une priorit\u00e9. Cette politique de confidentialit\u00e9 vous explique quelles donn\u00e9es sont collect\u00e9es, comment elles sont utilis\u00e9es, et quels sont vos droits.<\/p>\n\n\n\n<div style=\"height:30px\" aria-hidden=\"true\" class=\"wp-block-spacer\"><\/div>\n\n\n\n<h5 class=\"wp-block-heading\">1.&nbsp;<strong>Donn\u00e9es collect\u00e9es<\/strong><\/h5>\n\n\n\n<p>Le site peut collecter les donn\u00e9es suivantes :<br>&gt; Votre nom et pr\u00e9nom (si vous remplissez un formulaire de contact ou d\u2019adh\u00e9sion)<br>&gt; Votre adresse e-mail (pour recevoir des informations ou \u00e9changer avec les membres du collectif)<br>&gt; Les donn\u00e9es de navigation anonymes (cookies techniques, statistiques)<\/p>\n\n\n\n<div style=\"height:30px\" aria-hidden=\"true\" class=\"wp-block-spacer\"><\/div>\n\n\n\n<h5 class=\"wp-block-heading\">2.&nbsp;<strong>Utilisation des donn\u00e9es<\/strong><\/h5>\n\n\n\n<p>Les donn\u00e9es collect\u00e9es ne sont utilis\u00e9es&nbsp;que dans le cadre de l\u2019activit<strong>\u00e9 de la liste \u00e9lectorale<\/strong>, notamment pour :<br>&gt; R\u00e9pondre \u00e0 vos messages ou demandes via une adh\u00e9sion<br>&gt; Vous tenir inform\u00e9(e) des actualit\u00e9s du collectif si vous en avez fait la demande<br>&gt; Am\u00e9liorer le fonctionnement du site (navigation, statistiques de fr\u00e9quentation anonymes)<\/p>\n\n\n\n<p>Vos donn\u00e9es&nbsp;ne seront jamais vendues, \u00e9chang\u00e9es ou c\u00e9d\u00e9es \u00e0 des tiers.<\/p>\n\n\n\n<div style=\"height:30px\" aria-hidden=\"true\" class=\"wp-block-spacer\"><\/div>\n\n\n\n<h5 class=\"wp-block-heading\">3.&nbsp;<strong>Dur\u00e9e de conservation<\/strong><\/h5>\n\n\n\n<p>Vos donn\u00e9es sont conserv\u00e9es uniquement pendant la dur\u00e9e n\u00e9cessaire \u00e0 la campagne \u00e9lectorale et seront supprim\u00e9es au plus tard&nbsp;<strong>6 mois apr\u00e8s la fin des \u00e9lections<\/strong>, sauf demande de votre part avant cette \u00e9ch\u00e9ance.<\/p>\n\n\n\n<div style=\"height:30px\" aria-hidden=\"true\" class=\"wp-block-spacer\"><\/div>\n\n\n\n<h5 class=\"wp-block-heading\">4.&nbsp;<strong>Vos droits<\/strong><\/h5>\n\n\n\n<p>Conform\u00e9ment au R\u00e8glement G\u00e9n\u00e9ral sur la Protection des Donn\u00e9es (RGPD), vous disposez d&rsquo;un droit d&rsquo;acc\u00e8s \u00e0 vos donn\u00e9es, un droit de rectification ou de suppression, d&rsquo;un droit d&rsquo;opposition ou de limitation du traitement. Pour exercer vos droits, vous pouvez nous contacter : alternative.fontenay@gmail.com.<\/p>\n\n\n\n<div style=\"height:30px\" aria-hidden=\"true\" class=\"wp-block-spacer\"><\/div>\n\n\n\n<h5 class=\"wp-block-heading\">5.&nbsp;<strong>Cookies<\/strong><\/h5>\n\n\n\n<p>Le site utilise uniquement des cookies techniques et de mesure d\u2019audience (anonymes), n\u00e9cessaires \u00e0 son bon fonctionnement. Aucun cookie publicitaire n\u2019est utilis\u00e9.<\/p>\n\n\n\n<div style=\"height:30px\" aria-hidden=\"true\" class=\"wp-block-spacer\"><\/div>\n\n\n\n<h5 class=\"wp-block-heading\">6.&nbsp;<strong>Contact<\/strong><\/h5>\n\n\n\n<p>Pour toute question concernant cette politique de confidentialit\u00e9, vous pouvez nous \u00e9crire \u00e0 : alternative.fontenay@gmail.com.<\/p>\n\n\n\n<div style=\"height:100px\" aria-hidden=\"true\" class=\"wp-block-spacer\"><\/div>\n\n\n\n<div style=\"height:35px\" aria-hidden=\"true\" class=\"wp-block-spacer\"><\/div>\n<\/div>\n","protected":false},"excerpt":{"rendered":"","protected":false},"author":2,"featured_media":0,"parent":0,"menu_order":0,"comment_status":"closed","ping_status":"closed","template":"","meta":{"footnotes":""},"class_list":["post-325","page","type-page","status-publish","hentry"],"_links":{"self":[{"href":"https:\/\/alternative-fontenay.fr\/index.php?rest_route=\/wp\/v2\/pages\/325","targetHints":{"allow":["GET"]}}],"collection":[{"href":"https:\/\/alternative-fontenay.fr\/index.php?rest_route=\/wp\/v2\/pages"}],"about":[{"href":"https:\/\/alternative-fontenay.fr\/index.php?rest_route=\/wp\/v2\/types\/page"}],"author":[{"embeddable":true,"href":"https:\/\/alternative-fontenay.fr\/index.php?rest_route=\/wp\/v2\/users\/2"}],"replies":[{"embeddable":true,"href":"https:\/\/alternative-fontenay.fr\/index.php?rest_route=%2Fwp%2Fv2%2Fcomments&post=325"}],"version-history":[{"count":1,"href":"https:\/\/alternative-fontenay.fr\/index.php?rest_route=\/wp\/v2\/pages\/325\/revisions"}],"predecessor-version":[{"id":347,"href":"https:\/\/alternative-fontenay.fr\/index.php?rest_route=\/wp\/v2\/pages\/325\/revisions\/347"}],"wp:attachment":[{"href":"https:\/\/alternative-fontenay.fr\/index.php?rest_route=%2Fwp%2Fv2%2Fmedia&parent=325"}],"curies":[{"name":"wp","href":"https:\/\/api.w.org\/{rel}","templated":true}]}}