{"id":117,"date":"2025-06-29T22:21:34","date_gmt":"2025-06-29T20:21:34","guid":{"rendered":"https:\/\/alternative-fontenay.fr\/?page_id=117"},"modified":"2026-03-27T17:35:26","modified_gmt":"2026-03-27T16:35:26","slug":"alternative-fontenay-continue-de-se-mobiliser","status":"publish","type":"page","link":"https:\/\/alternative-fontenay.fr\/?page_id=117","title":{"rendered":"\u00c0 propos"},"content":{"rendered":"\n<div class=\"wp-block-columns is-layout-flex wp-container-core-columns-is-layout-28f84493 wp-block-columns-is-layout-flex\">\n<div class=\"wp-block-column is-layout-flow wp-block-column-is-layout-flow\">\n<div style=\"height:0px\" aria-hidden=\"true\" class=\"wp-block-spacer\"><\/div>\n<\/div>\n<\/div>\n\n\n\n<div class=\"wp-block-columns is-layout-flex wp-container-core-columns-is-layout-28f84493 wp-block-columns-is-layout-flex\">\n<div class=\"wp-block-column is-layout-flow wp-block-column-is-layout-flow\" style=\"flex-basis:33.33%\"><\/div>\n\n\n\n<div class=\"wp-block-column is-layout-flow wp-block-column-is-layout-flow\" style=\"flex-basis:66.66%\">\n<h3 class=\"wp-block-heading\">2026<\/h3>\n\n\n\n<p>Dans une perspective plus qualitative, plus transparente, plus durable, plus \u00e9quitable et plus participative, Alternative Fontenay s\u2019inscrit dans la continuit\u00e9 de son engagement pris en 2020 et du travail effectu\u00e9 depuis par ses 3 \u00e9lus, au service du village, de ses habitants et de la d\u00e9mocratie locale.<\/p>\n\n\n\n<p>Alternative Fontenay a port\u00e9 un projet visant \u00e0 g\u00e9rer le quotidien et \u00e0 piloter les projets de la commune dans un esprit collectif et qualitatif, bien diff\u00e9rent de celui de la majorit\u00e9 municipale lors du mandat actuel. Face au refus de cette majorit\u00e9 de cr\u00e9er des commissions municipales associant l\u2019opposition et d\u2019ouvrir le d\u00e9bat, face au rejet par principe des propositions des \u00e9lus de l\u2019opposition, Alternative Fontenay a jusqu\u2019\u00e0 pr\u00e9sent \u00e9t\u00e9 limit\u00e9 \u00e0 un r\u00f4le de contr\u00f4le de la gestion communale, essentiel mais ne permettant pas d\u2019agir pleinement.<\/p>\n\n\n\n<p>L\u2019objectif reste de contribuer activement \u00e0 la vie du village en d\u00e9fendant une dynamique plus participative, une approche plus qualitative, des orientations plus durables, ainsi qu\u2019une gestion plus rigoureuse et plus transparente.<\/p>\n\n\n\n<h4 class=\"wp-block-heading\"><mark style=\"background-color:rgba(0, 0, 0, 0);color:#25a619\" class=\"has-inline-color\">Cette d\u00e9marche refl\u00e8te un choix de gestion de la commune, des valeurs \u00e0 incarner et des actions \u00e0 mener au service du village et de ses habitants.<\/mark><\/h4>\n\n\n\n<div style=\"height:20px\" aria-hidden=\"true\" class=\"wp-block-spacer\"><\/div>\n\n\n\n<h5 class=\"wp-block-heading\"><a href=\"https:\/\/alternative-fontenay.fr\/?page_id=879\" data-type=\"page\" data-id=\"879\">&gt; LA PROFESSION DE FOI<\/a><\/h5>\n\n\n\n<div style=\"height:20px\" aria-hidden=\"true\" class=\"wp-block-spacer\"><\/div>\n\n\n\n<h3 class=\"wp-block-heading\">Historique<\/h3>\n\n\n\n<p>Alternative Fontenay est un collectif citoyen initi\u00e9 en 2018 qui a propos\u00e9 un programme \u00e9lectoral pour les \u00e9lections municipales de 2020 \u00e0 Fontenay-l\u00e8s-Briis. \u00c0 l\u2019issue du scrutin municipal, <strong>32.06 % des votants ont accord\u00e9 leur confiance<\/strong> \u00e0 la liste Alternative Fontenay et <strong>3 de ses repr\u00e9sentants si\u00e8gent depuis 2020 au sein de la minorit\u00e9 du conseil municipal<\/strong>.<\/p>\n<\/div>\n<\/div>\n\n\n\n<div style=\"height:55px\" aria-hidden=\"true\" class=\"wp-block-spacer\"><\/div>\n\n\n\n<h3 class=\"wp-block-heading\">d\u00e9marche et valeurs<\/h3>\n\n\n\n<p>La d\u00e9marche d&rsquo;Alternative Fontenay repose depuis toujours sur des principes forts.<\/p>\n\n\n\n<div class=\"wp-block-columns is-layout-flex wp-container-core-columns-is-layout-28f84493 wp-block-columns-is-layout-flex\">\n<div class=\"wp-block-column is-vertically-aligned-center is-layout-flow wp-container-core-column-is-layout-f3c7fa73 wp-block-column-is-layout-flow\" style=\"padding-top:0;padding-bottom:0\">\n<h5 class=\"wp-block-heading has-background-color has-luminous-vivid-orange-background-color has-text-color has-background has-link-color wp-elements-4ba2aea56873c514538cb80acfd4a68a\">APOLITIQUE<br><br><mark style=\"background-color:rgba(0, 0, 0, 0);color:#0c0c0c\" class=\"has-inline-color\">UNE LISTE sans \u00e9tiquette qui privil\u00e9gie la diversite citoyenne, l&rsquo;ouverture et la prise en compte de toutes les r\u00e9alit\u00e9s, en accord avec l&rsquo;esprit villageois, les enjeux locaux et les valeurs du collectif<\/mark><\/h5>\n\n\n\n<h5 class=\"wp-block-heading has-background\" style=\"background-color:#c0c0c0\"><mark style=\"background-color:rgba(0, 0, 0, 0);color:#ffffff\" class=\"has-inline-color\">comp\u00e9tente<\/mark><br><br>un collectif avec des acquis administratifs et techniques dans divers domaines, permettant d&rsquo;envisager sereinement le suivi, l&rsquo;analyse et le portage des dossiers<\/h5>\n\n\n\n<h5 class=\"wp-block-heading has-luminous-vivid-orange-background-color has-background\"><mark style=\"background-color:rgba(0, 0, 0, 0);color:#ffffff\" class=\"has-inline-color\">collectIVE<\/mark><br><br>une liste participative dans son fonctionnement, comme dans sa relation avec les habitants et les acteurs locaux, \u00e9conomiques ou associatifs<\/h5>\n<\/div>\n\n\n\n<div class=\"wp-block-column is-layout-flow wp-block-column-is-layout-flow\">\n<h5 class=\"wp-block-heading has-secondary-background-color has-background\"><mark style=\"background-color:rgba(0, 0, 0, 0);color:#ffffff\" class=\"has-inline-color\">sinc\u00e8re<\/mark><br><br>un projet men\u00e9 par des habitants motiv\u00e9s par le bien et le meilleur pour le village et la population, sans aucun int\u00e9r\u00eat personnel, ni perspective de carri\u00e8re politicienne<\/h5>\n\n\n\n<h5 class=\"wp-block-heading has-luminous-vivid-orange-background-color has-background\"><mark style=\"background-color:rgba(0, 0, 0, 0);color:#ffffff\" class=\"has-inline-color\">exp\u00e9riment\u00e9e<\/mark><br><br>une \u00e9quipe capable de g\u00e9rer le quotidien de la commune et de porter ses projets, avec 3 \u00e9lus d\u00e9j\u00e0 en place, dot\u00e9s d&rsquo;une bonne connaissance des sujets, probl\u00e9matiques et dossiers communaux<\/h5>\n\n\n\n<h5 class=\"wp-block-heading has-secondary-background-color has-background\"><mark style=\"background-color:rgba(0, 0, 0, 0);color:#ffffff\" class=\"has-inline-color\">repr\u00e9sentative<\/mark><br><br>une liste avec des habitants qui viennent des diff\u00e9rentes parties du territoire communal et sont \u00e0 l&rsquo;image de la diversit\u00e9 socio-professionnelle de la population fontenaysienne<\/h5>\n<\/div>\n<\/div>\n\n\n\n<div style=\"height:35px\" aria-hidden=\"true\" class=\"wp-block-spacer\"><\/div>\n","protected":false},"excerpt":{"rendered":"<p>2026 Dans une perspective plus qualitative, plus transparente, plus durable, plus \u00e9quitable et plus participative, Alternative Fontenay s\u2019inscrit dans la continuit\u00e9 de son engagement pris en 2020 et du travail effectu\u00e9 depuis par ses 3 \u00e9lus, au service du village, de ses habitants et de la d\u00e9mocratie locale. Alternative Fontenay a port\u00e9 un projet visant [&hellip;]<\/p>\n","protected":false},"author":2,"featured_media":0,"parent":0,"menu_order":0,"comment_status":"closed","ping_status":"closed","template":"","meta":{"footnotes":""},"class_list":["post-117","page","type-page","status-publish","hentry"],"_links":{"self":[{"href":"https:\/\/alternative-fontenay.fr\/index.php?rest_route=\/wp\/v2\/pages\/117","targetHints":{"allow":["GET"]}}],"collection":[{"href":"https:\/\/alternative-fontenay.fr\/index.php?rest_route=\/wp\/v2\/pages"}],"about":[{"href":"https:\/\/alternative-fontenay.fr\/index.php?rest_route=\/wp\/v2\/types\/page"}],"author":[{"embeddable":true,"href":"https:\/\/alternative-fontenay.fr\/index.php?rest_route=\/wp\/v2\/users\/2"}],"replies":[{"embeddable":true,"href":"https:\/\/alternative-fontenay.fr\/index.php?rest_route=%2Fwp%2Fv2%2Fcomments&post=117"}],"version-history":[{"count":70,"href":"https:\/\/alternative-fontenay.fr\/index.php?rest_route=\/wp\/v2\/pages\/117\/revisions"}],"predecessor-version":[{"id":911,"href":"https:\/\/alternative-fontenay.fr\/index.php?rest_route=\/wp\/v2\/pages\/117\/revisions\/911"}],"wp:attachment":[{"href":"https:\/\/alternative-fontenay.fr\/index.php?rest_route=%2Fwp%2Fv2%2Fmedia&parent=117"}],"curies":[{"name":"wp","href":"https:\/\/api.w.org\/{rel}","templated":true}]}}